{"id":13,"date":"2020-11-02T14:59:39","date_gmt":"2020-11-02T13:59:39","guid":{"rendered":"http:\/\/preference87.fr\/shop\/?post_type=product&#038;p=13"},"modified":"2022-12-28T08:59:07","modified_gmt":"2022-12-28T07:59:07","slug":"apres-shampoing","status":"publish","type":"product","link":"https:\/\/preference87.fr\/boutique\/produit\/apres-shampoing\/","title":{"rendered":"Apr\u00e8s-Shampoing Bouleau"},"content":{"rendered":"","protected":false},"excerpt":{"rendered":"<p>Apr\u00e8s-Shampoing Brillance Sant\u00e9 au bouleau.<br \/>\nSimple efficace et naturel s&rsquo;utilise en apr\u00e8s-shampoing ou en soins.<br \/>\n200ml<\/p>\n","protected":false},"featured_media":287,"template":"","meta":[],"product_brand":[],"product_cat":[17],"product_tag":[],"class_list":{"0":"post-13","1":"product","2":"type-product","3":"status-publish","4":"has-post-thumbnail","6":"product_cat-beaute","8":"first","9":"instock","10":"taxable","11":"shipping-taxable","12":"purchasable","13":"product-type-simple"},"_links":{"self":[{"href":"https:\/\/preference87.fr\/boutique\/wp-json\/wp\/v2\/product\/13","targetHints":{"allow":["GET"]}}],"collection":[{"href":"https:\/\/preference87.fr\/boutique\/wp-json\/wp\/v2\/product"}],"about":[{"href":"https:\/\/preference87.fr\/boutique\/wp-json\/wp\/v2\/types\/product"}],"wp:featuredmedia":[{"embeddable":true,"href":"https:\/\/preference87.fr\/boutique\/wp-json\/wp\/v2\/media\/287"}],"wp:attachment":[{"href":"https:\/\/preference87.fr\/boutique\/wp-json\/wp\/v2\/media?parent=13"}],"wp:term":[{"taxonomy":"product_brand","embeddable":true,"href":"https:\/\/preference87.fr\/boutique\/wp-json\/wp\/v2\/product_brand?post=13"},{"taxonomy":"product_cat","embeddable":true,"href":"https:\/\/preference87.fr\/boutique\/wp-json\/wp\/v2\/product_cat?post=13"},{"taxonomy":"product_tag","embeddable":true,"href":"https:\/\/preference87.fr\/boutique\/wp-json\/wp\/v2\/product_tag?post=13"}],"curies":[{"name":"wp","href":"https:\/\/api.w.org\/{rel}","templated":true}]}}