{"id":259,"date":"2020-11-09T15:30:42","date_gmt":"2020-11-09T14:30:42","guid":{"rendered":"https:\/\/preference87.fr\/boutique\/?post_type=product&#038;p=259"},"modified":"2021-02-09T19:41:59","modified_gmt":"2021-02-09T18:41:59","slug":"shampoing-brillance-a-lortie-bio","status":"publish","type":"product","link":"https:\/\/preference87.fr\/boutique\/produit\/shampoing-brillance-a-lortie-bio\/","title":{"rendered":"Shampoing Brillance \u00e0 l&rsquo;Ortie bio"},"content":{"rendered":"","protected":false},"excerpt":{"rendered":"<p>le Shampoing\u00a0 Brillance LOGONA convient \u00e0 toute la famille et tous types de cheveux. Vos cheveux sont nourris en douceur gr\u00e2ce \u00e0 l&rsquo;Ortie Bio.\u00a0 500 ml<\/p>\n","protected":false},"featured_media":306,"template":"","meta":[],"product_brand":[],"product_cat":[17,21],"product_tag":[],"class_list":{"0":"post-259","1":"product","2":"type-product","3":"status-publish","4":"has-post-thumbnail","6":"product_cat-beaute","7":"product_cat-logona","9":"first","10":"instock","11":"taxable","12":"shipping-taxable","13":"purchasable","14":"product-type-simple"},"_links":{"self":[{"href":"https:\/\/preference87.fr\/boutique\/wp-json\/wp\/v2\/product\/259","targetHints":{"allow":["GET"]}}],"collection":[{"href":"https:\/\/preference87.fr\/boutique\/wp-json\/wp\/v2\/product"}],"about":[{"href":"https:\/\/preference87.fr\/boutique\/wp-json\/wp\/v2\/types\/product"}],"wp:featuredmedia":[{"embeddable":true,"href":"https:\/\/preference87.fr\/boutique\/wp-json\/wp\/v2\/media\/306"}],"wp:attachment":[{"href":"https:\/\/preference87.fr\/boutique\/wp-json\/wp\/v2\/media?parent=259"}],"wp:term":[{"taxonomy":"product_brand","embeddable":true,"href":"https:\/\/preference87.fr\/boutique\/wp-json\/wp\/v2\/product_brand?post=259"},{"taxonomy":"product_cat","embeddable":true,"href":"https:\/\/preference87.fr\/boutique\/wp-json\/wp\/v2\/product_cat?post=259"},{"taxonomy":"product_tag","embeddable":true,"href":"https:\/\/preference87.fr\/boutique\/wp-json\/wp\/v2\/product_tag?post=259"}],"curies":[{"name":"wp","href":"https:\/\/api.w.org\/{rel}","templated":true}]}}