{"id":327,"date":"2021-02-09T20:25:22","date_gmt":"2021-02-09T19:25:22","guid":{"rendered":"https:\/\/preference87.fr\/boutique\/?post_type=product&#038;p=327"},"modified":"2024-09-16T14:18:22","modified_gmt":"2024-09-16T12:18:22","slug":"shampoing-cuir-chevelu-sensible-aloe-vera-bio-2","status":"publish","type":"product","link":"https:\/\/preference87.fr\/boutique\/produit\/shampoing-cuir-chevelu-sensible-aloe-vera-bio-2\/","title":{"rendered":"Shampoing  cuir chevelu sensible Alo\u00e9  V\u00e9ra Bio950 ml"},"content":{"rendered":"","protected":false},"excerpt":{"rendered":"<p>Shampoing cuir chevelu sensible Alo\u00e9 V\u00e9ra Bio. Id\u00e9al pour le cuir chevelu sensible. formulation tr\u00e8s douce. Parfum naturel et d\u00e9licat. V\u00e9gan\u00a0 950 ml<\/p>\n","protected":false},"featured_media":300,"template":"","meta":[],"product_brand":[],"product_cat":[17,20],"product_tag":[],"class_list":{"0":"post-327","1":"product","2":"type-product","3":"status-publish","4":"has-post-thumbnail","6":"product_cat-beaute","7":"product_cat-sante","9":"first","10":"instock","11":"taxable","12":"shipping-taxable","13":"purchasable","14":"product-type-simple"},"_links":{"self":[{"href":"https:\/\/preference87.fr\/boutique\/wp-json\/wp\/v2\/product\/327","targetHints":{"allow":["GET"]}}],"collection":[{"href":"https:\/\/preference87.fr\/boutique\/wp-json\/wp\/v2\/product"}],"about":[{"href":"https:\/\/preference87.fr\/boutique\/wp-json\/wp\/v2\/types\/product"}],"wp:featuredmedia":[{"embeddable":true,"href":"https:\/\/preference87.fr\/boutique\/wp-json\/wp\/v2\/media\/300"}],"wp:attachment":[{"href":"https:\/\/preference87.fr\/boutique\/wp-json\/wp\/v2\/media?parent=327"}],"wp:term":[{"taxonomy":"product_brand","embeddable":true,"href":"https:\/\/preference87.fr\/boutique\/wp-json\/wp\/v2\/product_brand?post=327"},{"taxonomy":"product_cat","embeddable":true,"href":"https:\/\/preference87.fr\/boutique\/wp-json\/wp\/v2\/product_cat?post=327"},{"taxonomy":"product_tag","embeddable":true,"href":"https:\/\/preference87.fr\/boutique\/wp-json\/wp\/v2\/product_tag?post=327"}],"curies":[{"name":"wp","href":"https:\/\/api.w.org\/{rel}","templated":true}]}}