{"id":333,"date":"2021-02-10T10:00:51","date_gmt":"2021-02-10T09:00:51","guid":{"rendered":"https:\/\/preference87.fr\/boutique\/?post_type=product&#038;p=333"},"modified":"2023-10-09T19:11:35","modified_gmt":"2023-10-09T17:11:35","slug":"shampoing-brillance-feuille-de-bouleau-bio-500-ml","status":"publish","type":"product","link":"https:\/\/preference87.fr\/boutique\/produit\/shampoing-brillance-feuille-de-bouleau-bio-500-ml\/","title":{"rendered":"Shampoing  Brillance  feuille de bouleau Bio  500 ml"},"content":{"rendered":"","protected":false},"excerpt":{"rendered":"<p>Shampoing\u00a0 brillance\u00a0 \u00e0 la feuille de Bouleau Bio et prot\u00e9ines de plantes . Id\u00e9al\u00a0 pour les cheveux normaux, apporte brillance et souplesse. Formulation tr\u00e8s douce. Parfum naturel et d\u00e9licat. V\u00e9gan\u00a0 \u00a0500 ml<\/p>\n","protected":false},"featured_media":320,"template":"","meta":[],"product_brand":[],"product_cat":[17,20],"product_tag":[],"class_list":{"0":"post-333","1":"product","2":"type-product","3":"status-publish","4":"has-post-thumbnail","6":"product_cat-beaute","7":"product_cat-sante","9":"first","10":"instock","11":"taxable","12":"shipping-taxable","13":"purchasable","14":"product-type-simple"},"_links":{"self":[{"href":"https:\/\/preference87.fr\/boutique\/wp-json\/wp\/v2\/product\/333","targetHints":{"allow":["GET"]}}],"collection":[{"href":"https:\/\/preference87.fr\/boutique\/wp-json\/wp\/v2\/product"}],"about":[{"href":"https:\/\/preference87.fr\/boutique\/wp-json\/wp\/v2\/types\/product"}],"wp:featuredmedia":[{"embeddable":true,"href":"https:\/\/preference87.fr\/boutique\/wp-json\/wp\/v2\/media\/320"}],"wp:attachment":[{"href":"https:\/\/preference87.fr\/boutique\/wp-json\/wp\/v2\/media?parent=333"}],"wp:term":[{"taxonomy":"product_brand","embeddable":true,"href":"https:\/\/preference87.fr\/boutique\/wp-json\/wp\/v2\/product_brand?post=333"},{"taxonomy":"product_cat","embeddable":true,"href":"https:\/\/preference87.fr\/boutique\/wp-json\/wp\/v2\/product_cat?post=333"},{"taxonomy":"product_tag","embeddable":true,"href":"https:\/\/preference87.fr\/boutique\/wp-json\/wp\/v2\/product_tag?post=333"}],"curies":[{"name":"wp","href":"https:\/\/api.w.org\/{rel}","templated":true}]}}